{"id":15270,"date":"2021-05-10T09:57:34","date_gmt":"2021-05-10T07:57:34","guid":{"rendered":"https:\/\/monaco.asf.mc\/contatti-monaco\/"},"modified":"2026-05-12T15:51:39","modified_gmt":"2026-05-12T13:51:39","slug":"contatti-monaco","status":"publish","type":"page","link":"https:\/\/monaco.asf.mc\/it\/contatti-monaco\/","title":{"rendered":"Contatti Monaco"},"content":{"rendered":"\t\t<div data-elementor-type=\"wp-page\" data-elementor-id=\"15270\" class=\"elementor elementor-15270 elementor-1680\" data-elementor-post-type=\"page\">\n\t\t\t\t\t\t<section class=\"elementor-section elementor-top-section elementor-element elementor-element-df26b5c elementor-section-stretched elementor-section-content-middle elementor-section-boxed elementor-section-height-default elementor-section-height-default\" data-id=\"df26b5c\" data-element_type=\"section\" data-settings=\"{&quot;stretch_section&quot;:&quot;section-stretched&quot;,&quot;background_background&quot;:&quot;classic&quot;}\">\n\t\t\t\t\t\t\t<div class=\"elementor-background-overlay\"><\/div>\n\t\t\t\t\t\t\t<div class=\"elementor-container elementor-column-gap-default\">\n\t\t\t\t\t<div class=\"elementor-column elementor-col-100 elementor-top-column elementor-element elementor-element-20558a88\" data-id=\"20558a88\" data-element_type=\"column\">\n\t\t\t<div class=\"elementor-widget-wrap elementor-element-populated\">\n\t\t\t\t\t\t<div class=\"elementor-element elementor-element-45cdbdb8 elementor-widget elementor-widget-heading\" data-id=\"45cdbdb8\" data-element_type=\"widget\" data-widget_type=\"heading.default\">\n\t\t\t\t\t<h1 class=\"elementor-heading-title elementor-size-default\">Contatti<\/h1>\t\t\t\t<\/div>\n\t\t\t\t\t<\/div>\n\t\t<\/div>\n\t\t\t\t\t<\/div>\n\t\t<\/section>\n\t\t\t\t<section class=\"elementor-section elementor-top-section elementor-element elementor-element-71741a6 elementor-section-stretched elementor-section-boxed elementor-section-height-default elementor-section-height-default\" data-id=\"71741a6\" data-element_type=\"section\" data-settings=\"{&quot;stretch_section&quot;:&quot;section-stretched&quot;,&quot;background_background&quot;:&quot;classic&quot;}\">\n\t\t\t\t\t\t<div class=\"elementor-container elementor-column-gap-default\">\n\t\t\t\t\t<div class=\"elementor-column elementor-col-50 elementor-top-column elementor-element elementor-element-ae73a23\" data-id=\"ae73a23\" data-element_type=\"column\" data-settings=\"{&quot;animation&quot;:&quot;none&quot;}\">\n\t\t\t<div class=\"elementor-widget-wrap elementor-element-populated\">\n\t\t\t\t\t\t<div class=\"elementor-element elementor-element-da88900 elementor-widget elementor-widget-heading\" data-id=\"da88900\" data-element_type=\"widget\" data-widget_type=\"heading.default\">\n\t\t\t\t\t<h2 class=\"elementor-heading-title elementor-size-default\">Restiamo in contatto<\/h2>\t\t\t\t<\/div>\n\t\t\t\t<div class=\"elementor-element elementor-element-6f7bf63 elementor-widget elementor-widget-heading\" data-id=\"6f7bf63\" data-element_type=\"widget\" data-widget_type=\"heading.default\">\n\t\t\t\t\t<h5 class=\"elementor-heading-title elementor-size-default\">UMANITARI NEL CUORE<\/h5>\t\t\t\t<\/div>\n\t\t\t\t<div class=\"elementor-element elementor-element-a9b90c3 elementor-widget elementor-widget-text-editor\" data-id=\"a9b90c3\" data-element_type=\"widget\" data-widget_type=\"text-editor.default\">\n\t\t\t\t\t\t\t\t\t<p>Per qualsiasi domanda, richiesta di informazioni o per contattare Amiti\u00e9 Sans Fronti\u00e8res Monaco, il nostro team \u00e8 a vostra disposizione. N\u2019h\u00e9sitez pas \u00e0 nous \u00e9crire : nous vous r\u00e9pondrons avec attention dans les plus brefs d\u00e9lais.<\/p>\t\t\t\t\t\t\t\t<\/div>\n\t\t\t\t<div class=\"elementor-element elementor-element-62faa74 elementor-widget elementor-widget-cf7\" data-id=\"62faa74\" data-element_type=\"widget\" data-widget_type=\"cf7.default\">\n\t\t\t\t<div class=\"elementor-widget-container\">\n\t\t\t\t\t\n\t\t<div class=\"nd_elements_cf7_component\">\n\t\t\t\n<div class=\"wpcf7 no-js\" id=\"wpcf7-f15343-o1\" lang=\"it-IT\" dir=\"ltr\" data-wpcf7-id=\"15343\">\n<div class=\"screen-reader-response\"><p role=\"status\" aria-live=\"polite\" aria-atomic=\"true\"><\/p> <ul><\/ul><\/div>\n<form action=\"\/it\/wp-json\/wp\/v2\/pages\/15270#wpcf7-f15343-o1\" method=\"post\" class=\"wpcf7-form init\" aria-label=\"Modulo di contatto\" novalidate=\"novalidate\" data-status=\"init\">\n<fieldset class=\"hidden-fields-container\"><input type=\"hidden\" name=\"_wpcf7\" value=\"15343\" \/><input type=\"hidden\" name=\"_wpcf7_version\" value=\"6.1.5\" \/><input type=\"hidden\" name=\"_wpcf7_locale\" value=\"it_IT\" \/><input type=\"hidden\" name=\"_wpcf7_unit_tag\" value=\"wpcf7-f15343-o1\" \/><input type=\"hidden\" name=\"_wpcf7_container_post\" value=\"0\" \/><input type=\"hidden\" name=\"_wpcf7_posted_data_hash\" value=\"\" \/><input type=\"hidden\" name=\"_wpcf7_recaptcha_response\" value=\"\" \/>\n<\/fieldset>\n<p><span class=\"wpcf7-form-control-wrap\" data-name=\"name-tx\"><input size=\"40\" maxlength=\"400\" class=\"wpcf7-form-control wpcf7-text wpcf7-validates-as-required\" aria-required=\"true\" aria-invalid=\"false\" placeholder=\"Nome\" value=\"\" type=\"text\" name=\"name-tx\" \/><\/span><br \/>\n<span class=\"wpcf7-form-control-wrap\" data-name=\"email-634\"><input size=\"40\" maxlength=\"400\" class=\"wpcf7-form-control wpcf7-email wpcf7-validates-as-required wpcf7-text wpcf7-validates-as-email\" aria-required=\"true\" aria-invalid=\"false\" placeholder=\"Email\" value=\"\" type=\"email\" name=\"email-634\" \/><\/span><br \/>\n<span class=\"wpcf7-form-control-wrap\" data-name=\"textarea-120\"><textarea cols=\"40\" rows=\"8\" maxlength=\"2000\" class=\"wpcf7-form-control wpcf7-textarea wpcf7-validates-as-required\" aria-required=\"true\" aria-invalid=\"false\" placeholder=\"Messaggio\" name=\"textarea-120\"><\/textarea><\/span><br \/>\n<input class=\"wpcf7-form-control wpcf7-submit has-spinner\" type=\"submit\" value=\"INVIA\" \/>\n<\/p><div class=\"wpcf7-response-output\" aria-hidden=\"true\"><\/div>\n<\/form>\n<\/div>\n\n\t\t<\/div>\t\t\t\t<\/div>\n\t\t\t\t<\/div>\n\t\t\t\t\t<\/div>\n\t\t<\/div>\n\t\t\t\t<div class=\"elementor-column elementor-col-50 elementor-top-column elementor-element elementor-element-99a666a elementor-invisible\" data-id=\"99a666a\" data-element_type=\"column\" data-settings=\"{&quot;background_background&quot;:&quot;classic&quot;,&quot;animation&quot;:&quot;fadeInRight&quot;}\">\n\t\t\t<div class=\"elementor-widget-wrap elementor-element-populated\">\n\t\t\t\t\t\t<div class=\"elementor-element elementor-element-220e7fb elementor-widget elementor-widget-google_maps\" data-id=\"220e7fb\" data-element_type=\"widget\" data-widget_type=\"google_maps.default\">\n\t\t\t\t\t\t\t<div class=\"elementor-custom-embed\">\n\t\t\t<iframe loading=\"lazy\"\n\t\t\t\t\tsrc=\"https:\/\/maps.google.com\/maps?q=Hotel%20Hermitage%20Monaco&#038;t=m&#038;z=15&#038;output=embed&#038;iwloc=near\"\n\t\t\t\t\ttitle=\"Hotel Hermitage Monaco\"\n\t\t\t\t\taria-label=\"Hotel Hermitage Monaco\"\n\t\t\t><\/iframe>\n\t\t<\/div>\n\t\t\t\t\t\t<\/div>\n\t\t\t\t<section class=\"elementor-section elementor-inner-section elementor-element elementor-element-812fd27 elementor-section-content-middle elementor-section-boxed elementor-section-height-default elementor-section-height-default\" data-id=\"812fd27\" data-element_type=\"section\">\n\t\t\t\t\t\t<div class=\"elementor-container elementor-column-gap-default\">\n\t\t\t\t\t<div class=\"elementor-column elementor-col-50 elementor-inner-column elementor-element elementor-element-e8e68e9\" data-id=\"e8e68e9\" data-element_type=\"column\">\n\t\t\t<div class=\"elementor-widget-wrap elementor-element-populated\">\n\t\t\t\t\t\t<div class=\"elementor-element elementor-element-3011d2b elementor-widget__width-initial elementor-widget elementor-widget-heading\" data-id=\"3011d2b\" data-element_type=\"widget\" data-widget_type=\"heading.default\">\n\t\t\t\t\t<h6 class=\"elementor-heading-title elementor-size-default\">INDRIZZO:<\/h6>\t\t\t\t<\/div>\n\t\t\t\t<div class=\"elementor-element elementor-element-5c3777e elementor-widget__width-initial elementor-widget elementor-widget-heading\" data-id=\"5c3777e\" data-element_type=\"widget\" data-widget_type=\"heading.default\">\n\t\t\t\t\t<p class=\"elementor-heading-title elementor-size-default\">Sq. Beaumarchais<\/p>\t\t\t\t<\/div>\n\t\t\t\t\t<\/div>\n\t\t<\/div>\n\t\t\t\t<div class=\"elementor-column elementor-col-50 elementor-inner-column elementor-element elementor-element-c3a9d90\" data-id=\"c3a9d90\" data-element_type=\"column\">\n\t\t\t<div class=\"elementor-widget-wrap elementor-element-populated\">\n\t\t\t\t\t\t<div class=\"elementor-element elementor-element-8694759 elementor-widget__width-initial elementor-widget elementor-widget-heading\" data-id=\"8694759\" data-element_type=\"widget\" data-widget_type=\"heading.default\">\n\t\t\t\t\t<h6 class=\"elementor-heading-title elementor-size-default\">CITT\u00c0:<\/h6>\t\t\t\t<\/div>\n\t\t\t\t<div class=\"elementor-element elementor-element-86c5639 elementor-widget elementor-widget-heading\" data-id=\"86c5639\" data-element_type=\"widget\" data-widget_type=\"heading.default\">\n\t\t\t\t\t<p class=\"elementor-heading-title elementor-size-default\">98000 Monaco<\/p>\t\t\t\t<\/div>\n\t\t\t\t\t<\/div>\n\t\t<\/div>\n\t\t\t\t\t<\/div>\n\t\t<\/section>\n\t\t\t\t<section class=\"elementor-section elementor-inner-section elementor-element elementor-element-af3d82d elementor-section-content-middle elementor-section-boxed elementor-section-height-default elementor-section-height-default\" data-id=\"af3d82d\" data-element_type=\"section\">\n\t\t\t\t\t\t<div class=\"elementor-container elementor-column-gap-default\">\n\t\t\t\t\t<div class=\"elementor-column elementor-col-100 elementor-inner-column elementor-element elementor-element-af8fcfe\" data-id=\"af8fcfe\" data-element_type=\"column\">\n\t\t\t<div class=\"elementor-widget-wrap elementor-element-populated\">\n\t\t\t\t\t\t<div class=\"elementor-element elementor-element-35e7f55 elementor-widget__width-initial elementor-widget elementor-widget-heading\" data-id=\"35e7f55\" data-element_type=\"widget\" data-widget_type=\"heading.default\">\n\t\t\t\t\t<h6 class=\"elementor-heading-title elementor-size-default\">EMAIL:<\/h6>\t\t\t\t<\/div>\n\t\t\t\t<div class=\"elementor-element elementor-element-735ae9e elementor-widget__width-initial elementor-widget elementor-widget-heading\" data-id=\"735ae9e\" data-element_type=\"widget\" data-widget_type=\"heading.default\">\n\t\t\t\t\t<p class=\"elementor-heading-title elementor-size-default\">contact@asf.mc<\/p>\t\t\t\t<\/div>\n\t\t\t\t\t<\/div>\n\t\t<\/div>\n\t\t\t\t\t<\/div>\n\t\t<\/section>\n\t\t\t\t\t<\/div>\n\t\t<\/div>\n\t\t\t\t\t<\/div>\n\t\t<\/section>\n\t\t\t\t<\/div>\n\t\t","protected":false},"excerpt":{"rendered":"<p>Contatti Restiamo in contatto UMANITARI NEL CUORE Per qualsiasi domanda, richiesta di informazioni o per contattare Amiti\u00e9 Sans Fronti\u00e8res Monaco, il nostro team \u00e8 a vostra disposizione. N\u2019h\u00e9sitez pas \u00e0 [&hellip;]<\/p>\n","protected":false},"author":1,"featured_media":15249,"parent":0,"menu_order":0,"comment_status":"closed","ping_status":"closed","template":"","meta":{"give_campaign_id":0,"footnotes":""},"class_list":["post-15270","page","type-page","status-publish","has-post-thumbnail","hentry"],"yoast_head":"<!-- This site is optimized with the Yoast SEO plugin v27.1.1 - https:\/\/yoast.com\/product\/yoast-seo-wordpress\/ -->\n<title>Contattare ASF Monaco<\/title>\n<meta name=\"description\" content=\"Per contattare Amiti\u00e9 Sans Fronti\u00e8res (ASF) Monaco, chiamaci telefonicamente oppure compila il modulo di contatto dedicato.\" \/>\n<meta name=\"robots\" content=\"index, follow, max-snippet:-1, max-image-preview:large, max-video-preview:-1\" \/>\n<link rel=\"canonical\" href=\"https:\/\/monaco.asf.mc\/it\/contatti-monaco\/\" \/>\n<meta property=\"og:locale\" content=\"it_IT\" \/>\n<meta property=\"og:type\" content=\"article\" \/>\n<meta property=\"og:title\" content=\"Contattare ASF Monaco\" \/>\n<meta property=\"og:description\" content=\"Per contattare Amiti\u00e9 Sans Fronti\u00e8res (ASF) Monaco, chiamaci telefonicamente oppure compila il modulo di contatto dedicato.\" \/>\n<meta property=\"og:url\" content=\"https:\/\/monaco.asf.mc\/it\/contatti-monaco\/\" \/>\n<meta property=\"og:site_name\" content=\"ASF Monaco\" \/>\n<meta property=\"article:modified_time\" content=\"2026-05-12T13:51:39+00:00\" \/>\n<meta property=\"og:image\" content=\"https:\/\/monaco.asf.mc\/wp-content\/uploads\/sites\/3\/2025\/12\/asf-internationale-1-scaled-1.webp\" \/>\n\t<meta property=\"og:image:width\" content=\"2560\" \/>\n\t<meta property=\"og:image:height\" content=\"1707\" \/>\n\t<meta property=\"og:image:type\" content=\"image\/webp\" \/>\n<meta name=\"twitter:card\" content=\"summary_large_image\" \/>\n<script type=\"application\/ld+json\" class=\"yoast-schema-graph\">{\"@context\":\"https:\/\/schema.org\",\"@graph\":[{\"@type\":\"WebPage\",\"@id\":\"https:\/\/monaco.asf.mc\/it\/contatti-monaco\/\",\"url\":\"https:\/\/monaco.asf.mc\/it\/contatti-monaco\/\",\"name\":\"Contattare ASF Monaco\",\"isPartOf\":{\"@id\":\"https:\/\/monaco.asf.mc\/it\/#website\"},\"primaryImageOfPage\":{\"@id\":\"https:\/\/monaco.asf.mc\/it\/contatti-monaco\/#primaryimage\"},\"image\":{\"@id\":\"https:\/\/monaco.asf.mc\/it\/contatti-monaco\/#primaryimage\"},\"thumbnailUrl\":\"https:\/\/monaco.asf.mc\/wp-content\/uploads\/sites\/3\/2025\/12\/asf-internationale-1-scaled-1.webp\",\"datePublished\":\"2021-05-10T07:57:34+00:00\",\"dateModified\":\"2026-05-12T13:51:39+00:00\",\"description\":\"Per contattare Amiti\u00e9 Sans Fronti\u00e8res (ASF) Monaco, chiamaci telefonicamente oppure compila il modulo di contatto dedicato.\",\"breadcrumb\":{\"@id\":\"https:\/\/monaco.asf.mc\/it\/contatti-monaco\/#breadcrumb\"},\"inLanguage\":\"it-IT\",\"potentialAction\":[{\"@type\":\"ReadAction\",\"target\":[\"https:\/\/monaco.asf.mc\/it\/contatti-monaco\/\"]}]},{\"@type\":\"ImageObject\",\"inLanguage\":\"it-IT\",\"@id\":\"https:\/\/monaco.asf.mc\/it\/contatti-monaco\/#primaryimage\",\"url\":\"https:\/\/monaco.asf.mc\/wp-content\/uploads\/sites\/3\/2025\/12\/asf-internationale-1-scaled-1.webp\",\"contentUrl\":\"https:\/\/monaco.asf.mc\/wp-content\/uploads\/sites\/3\/2025\/12\/asf-internationale-1-scaled-1.webp\",\"width\":2560,\"height\":1707},{\"@type\":\"BreadcrumbList\",\"@id\":\"https:\/\/monaco.asf.mc\/it\/contatti-monaco\/#breadcrumb\",\"itemListElement\":[{\"@type\":\"ListItem\",\"position\":1,\"name\":\"Accueil\",\"item\":\"https:\/\/monaco.asf.mc\/it\/\"},{\"@type\":\"ListItem\",\"position\":2,\"name\":\"Contatti Monaco\"}]},{\"@type\":\"WebSite\",\"@id\":\"https:\/\/monaco.asf.mc\/it\/#website\",\"url\":\"https:\/\/monaco.asf.mc\/it\/\",\"name\":\"ASF Monaco\",\"description\":\"\",\"potentialAction\":[{\"@type\":\"SearchAction\",\"target\":{\"@type\":\"EntryPoint\",\"urlTemplate\":\"https:\/\/monaco.asf.mc\/it\/?s={search_term_string}\"},\"query-input\":{\"@type\":\"PropertyValueSpecification\",\"valueRequired\":true,\"valueName\":\"search_term_string\"}}],\"inLanguage\":\"it-IT\"}]}<\/script>\n<!-- \/ Yoast SEO plugin. -->","yoast_head_json":{"title":"Contattare ASF Monaco","description":"Per contattare Amiti\u00e9 Sans Fronti\u00e8res (ASF) Monaco, chiamaci telefonicamente oppure compila il modulo di contatto dedicato.","robots":{"index":"index","follow":"follow","max-snippet":"max-snippet:-1","max-image-preview":"max-image-preview:large","max-video-preview":"max-video-preview:-1"},"canonical":"https:\/\/monaco.asf.mc\/it\/contatti-monaco\/","og_locale":"it_IT","og_type":"article","og_title":"Contattare ASF Monaco","og_description":"Per contattare Amiti\u00e9 Sans Fronti\u00e8res (ASF) Monaco, chiamaci telefonicamente oppure compila il modulo di contatto dedicato.","og_url":"https:\/\/monaco.asf.mc\/it\/contatti-monaco\/","og_site_name":"ASF Monaco","article_modified_time":"2026-05-12T13:51:39+00:00","og_image":[{"width":2560,"height":1707,"url":"https:\/\/monaco.asf.mc\/wp-content\/uploads\/sites\/3\/2025\/12\/asf-internationale-1-scaled-1.webp","type":"image\/webp"}],"twitter_card":"summary_large_image","schema":{"@context":"https:\/\/schema.org","@graph":[{"@type":"WebPage","@id":"https:\/\/monaco.asf.mc\/it\/contatti-monaco\/","url":"https:\/\/monaco.asf.mc\/it\/contatti-monaco\/","name":"Contattare ASF Monaco","isPartOf":{"@id":"https:\/\/monaco.asf.mc\/it\/#website"},"primaryImageOfPage":{"@id":"https:\/\/monaco.asf.mc\/it\/contatti-monaco\/#primaryimage"},"image":{"@id":"https:\/\/monaco.asf.mc\/it\/contatti-monaco\/#primaryimage"},"thumbnailUrl":"https:\/\/monaco.asf.mc\/wp-content\/uploads\/sites\/3\/2025\/12\/asf-internationale-1-scaled-1.webp","datePublished":"2021-05-10T07:57:34+00:00","dateModified":"2026-05-12T13:51:39+00:00","description":"Per contattare Amiti\u00e9 Sans Fronti\u00e8res (ASF) Monaco, chiamaci telefonicamente oppure compila il modulo di contatto dedicato.","breadcrumb":{"@id":"https:\/\/monaco.asf.mc\/it\/contatti-monaco\/#breadcrumb"},"inLanguage":"it-IT","potentialAction":[{"@type":"ReadAction","target":["https:\/\/monaco.asf.mc\/it\/contatti-monaco\/"]}]},{"@type":"ImageObject","inLanguage":"it-IT","@id":"https:\/\/monaco.asf.mc\/it\/contatti-monaco\/#primaryimage","url":"https:\/\/monaco.asf.mc\/wp-content\/uploads\/sites\/3\/2025\/12\/asf-internationale-1-scaled-1.webp","contentUrl":"https:\/\/monaco.asf.mc\/wp-content\/uploads\/sites\/3\/2025\/12\/asf-internationale-1-scaled-1.webp","width":2560,"height":1707},{"@type":"BreadcrumbList","@id":"https:\/\/monaco.asf.mc\/it\/contatti-monaco\/#breadcrumb","itemListElement":[{"@type":"ListItem","position":1,"name":"Accueil","item":"https:\/\/monaco.asf.mc\/it\/"},{"@type":"ListItem","position":2,"name":"Contatti Monaco"}]},{"@type":"WebSite","@id":"https:\/\/monaco.asf.mc\/it\/#website","url":"https:\/\/monaco.asf.mc\/it\/","name":"ASF Monaco","description":"","potentialAction":[{"@type":"SearchAction","target":{"@type":"EntryPoint","urlTemplate":"https:\/\/monaco.asf.mc\/it\/?s={search_term_string}"},"query-input":{"@type":"PropertyValueSpecification","valueRequired":true,"valueName":"search_term_string"}}],"inLanguage":"it-IT"}]}},"campaignId":"","_links":{"self":[{"href":"https:\/\/monaco.asf.mc\/it\/wp-json\/wp\/v2\/pages\/15270","targetHints":{"allow":["GET"]}}],"collection":[{"href":"https:\/\/monaco.asf.mc\/it\/wp-json\/wp\/v2\/pages"}],"about":[{"href":"https:\/\/monaco.asf.mc\/it\/wp-json\/wp\/v2\/types\/page"}],"author":[{"embeddable":true,"href":"https:\/\/monaco.asf.mc\/it\/wp-json\/wp\/v2\/users\/1"}],"replies":[{"embeddable":true,"href":"https:\/\/monaco.asf.mc\/it\/wp-json\/wp\/v2\/comments?post=15270"}],"version-history":[{"count":8,"href":"https:\/\/monaco.asf.mc\/it\/wp-json\/wp\/v2\/pages\/15270\/revisions"}],"predecessor-version":[{"id":15484,"href":"https:\/\/monaco.asf.mc\/it\/wp-json\/wp\/v2\/pages\/15270\/revisions\/15484"}],"wp:featuredmedia":[{"embeddable":true,"href":"https:\/\/monaco.asf.mc\/it\/wp-json\/wp\/v2\/media\/15249"}],"wp:attachment":[{"href":"https:\/\/monaco.asf.mc\/it\/wp-json\/wp\/v2\/media?parent=15270"}],"curies":[{"name":"wp","href":"https:\/\/api.w.org\/{rel}","templated":true}]}}